{"id":592,"date":"2025-01-09T17:27:12","date_gmt":"2025-01-09T17:27:12","guid":{"rendered":"https:\/\/fiosbembrasil.com\/?page_id=592"},"modified":"2025-01-10T00:25:20","modified_gmt":"2025-01-10T00:25:20","slug":"quem-somos","status":"publish","type":"page","link":"https:\/\/fiosbembrasil.com\/?page_id=592","title":{"rendered":"QUEM SOMOS"},"content":{"rendered":"\t\t<div data-elementor-type=\"wp-page\" data-elementor-id=\"592\" class=\"elementor elementor-592\">\n\t\t\t\t<div class=\"elementor-element elementor-element-2f151d9 e-flex e-con-boxed e-con e-parent\" data-id=\"2f151d9\" data-element_type=\"container\" data-e-type=\"container\">\n\t\t\t\t\t<div class=\"e-con-inner\">\n\t\t\t\t<div class=\"elementor-element elementor-element-3ed81b9 elementor-widget elementor-widget-image\" data-id=\"3ed81b9\" data-element_type=\"widget\" data-e-type=\"widget\" data-widget_type=\"image.default\">\n\t\t\t\t<div class=\"elementor-widget-container\">\n\t\t\t\t\t\t\t\t\t\t\t\t\t\t\t<img fetchpriority=\"high\" decoding=\"async\" width=\"1024\" height=\"576\" src=\"https:\/\/fiosbembrasil.com\/wp-content\/uploads\/2025\/01\/Design-sem-nome-9-1024x576.jpg\" class=\"attachment-large size-large wp-image-597\" alt=\"\" srcset=\"https:\/\/fiosbembrasil.com\/wp-content\/uploads\/2025\/01\/Design-sem-nome-9-1024x576.jpg 1024w, https:\/\/fiosbembrasil.com\/wp-content\/uploads\/2025\/01\/Design-sem-nome-9-300x169.jpg 300w, https:\/\/fiosbembrasil.com\/wp-content\/uploads\/2025\/01\/Design-sem-nome-9-768x432.jpg 768w, https:\/\/fiosbembrasil.com\/wp-content\/uploads\/2025\/01\/Design-sem-nome-9-1536x864.jpg 1536w, https:\/\/fiosbembrasil.com\/wp-content\/uploads\/2025\/01\/Design-sem-nome-9-800x450.jpg 800w, https:\/\/fiosbembrasil.com\/wp-content\/uploads\/2025\/01\/Design-sem-nome-9.jpg 1920w\" sizes=\"(max-width: 1024px) 100vw, 1024px\" \/>\t\t\t\t\t\t\t\t\t\t\t\t\t\t\t<\/div>\n\t\t\t\t<\/div>\n\t\t\t\t\t<\/div>\n\t\t\t\t<\/div>\n\t\t<div class=\"elementor-element elementor-element-2075994 e-flex e-con-boxed e-con e-parent\" data-id=\"2075994\" data-element_type=\"container\" data-e-type=\"container\">\n\t\t\t\t\t<div class=\"e-con-inner\">\n\t\t\t\t<div class=\"elementor-element elementor-element-82466a7 elementor-widget elementor-widget-text-editor\" data-id=\"82466a7\" data-element_type=\"widget\" data-e-type=\"widget\" data-widget_type=\"text-editor.default\">\n\t\t\t\t<div class=\"elementor-widget-container\">\n\t\t\t\t\t\t\t\t\t<p><strong>A Fiod Bem Brasil \u00e9 uma empresa brasileira apaixonada por algod\u00e3o e seus derivados. Nossa hist\u00f3ria come\u00e7ou com a miss\u00e3o de conectar agricultores locais \u00e0 ind\u00fastria, garantindo um mercado justo e sustent\u00e1vel para o algod\u00e3o. Ao longo do tempo, expandimos nossas opera\u00e7\u00f5es e nos tornamos uma refer\u00eancia no setor, unindo tradi\u00e7\u00e3o e inova\u00e7\u00e3o.<\/strong><\/p><p><strong>Hoje, al\u00e9m de comprar algod\u00e3o diretamente dos agricultores e fornec\u00ea-lo para a ind\u00fastria, tamb\u00e9m fabricamos fios de alta qualidade. Nossa atua\u00e7\u00e3o vai al\u00e9m do mercado interno: temos uma s\u00f3lida presen\u00e7a na \u00e1rea de importa\u00e7\u00e3o, transportes e log\u00edstica, com opera\u00e7\u00f5es robustas que cruzam fronteiras e levam nossos produtos a diversos pa\u00edses.<\/strong><\/p><p><strong>Estamos presentes em diferentes setores, sempre com o compromisso de entregar excel\u00eancia, sustentabilidade e valor em cada etapa de nossa cadeia produtiva. Nossa paix\u00e3o \u00e9 transformar o algod\u00e3o em fios que conectam hist\u00f3rias, culturas e mercados ao redor do mundo.<\/strong><\/p><p><strong>Na Fiod Bem Brasil, acreditamos na for\u00e7a das parcerias e na import\u00e2ncia de crescer juntos. Seja no campo, nas f\u00e1bricas ou nas estradas, nosso objetivo \u00e9 construir um futuro onde o algod\u00e3o seja s\u00edmbolo de qualidade, inova\u00e7\u00e3o e responsabilidade social.<\/strong><\/p><p><strong>Junte-se a n\u00f3s nessa jornada de fios, conex\u00f5es e conquistas!<\/strong><\/p>\t\t\t\t\t\t\t\t<\/div>\n\t\t\t\t<\/div>\n\t\t\t\t\t<\/div>\n\t\t\t\t<\/div>\n\t\t<div class=\"elementor-element elementor-element-d02b2f2 e-flex e-con-boxed e-con e-parent\" data-id=\"d02b2f2\" data-element_type=\"container\" data-e-type=\"container\">\n\t\t\t\t\t<div class=\"e-con-inner\">\n\t\t\t\t<div class=\"elementor-element elementor-element-6bf716b elementor-widget elementor-widget-text-editor\" data-id=\"6bf716b\" data-element_type=\"widget\" data-e-type=\"widget\" data-widget_type=\"text-editor.default\">\n\t\t\t\t<div class=\"elementor-widget-container\">\n\t\t\t\t\t\t\t\t\t<p>Lorem ipsum dolor sit amet, consectetur adipiscing elit. Ut elit tellus, luctus nec ullamcorper mattis, pulvinar dapibus leo.<\/p>\t\t\t\t\t\t\t\t<\/div>\n\t\t\t\t<\/div>\n\t\t\t\t\t<\/div>\n\t\t\t\t<\/div>\n\t\t\t\t<\/div>\n\t\t","protected":false},"excerpt":{"rendered":"<p>A Fiod Bem Brasil \u00e9 uma empresa brasileira apaixonada por algod\u00e3o e seus derivados. Nossa hist\u00f3ria come\u00e7ou com a miss\u00e3o de conectar agricultores locais \u00e0 ind\u00fastria, garantindo um mercado justo e sustent\u00e1vel para o algod\u00e3o. Ao longo do tempo, expandimos nossas opera\u00e7\u00f5es e nos tornamos uma refer\u00eancia no setor, unindo tradi\u00e7\u00e3o e inova\u00e7\u00e3o. Hoje, al\u00e9m [&hellip;]<\/p>\n","protected":false},"author":1,"featured_media":0,"parent":0,"menu_order":0,"comment_status":"closed","ping_status":"closed","template":"","meta":{"ocean_post_layout":"","ocean_both_sidebars_style":"","ocean_both_sidebars_content_width":0,"ocean_both_sidebars_sidebars_width":0,"ocean_sidebar":"","ocean_second_sidebar":"","ocean_disable_margins":"enable","ocean_add_body_class":"","ocean_shortcode_before_top_bar":"","ocean_shortcode_after_top_bar":"","ocean_shortcode_before_header":"","ocean_shortcode_after_header":"","ocean_has_shortcode":"","ocean_shortcode_after_title":"","ocean_shortcode_before_footer_widgets":"","ocean_shortcode_after_footer_widgets":"","ocean_shortcode_before_footer_bottom":"","ocean_shortcode_after_footer_bottom":"","ocean_display_top_bar":"default","ocean_display_header":"default","ocean_header_style":"","ocean_center_header_left_menu":"","ocean_custom_header_template":"","ocean_custom_logo":0,"ocean_custom_retina_logo":0,"ocean_custom_logo_max_width":0,"ocean_custom_logo_tablet_max_width":0,"ocean_custom_logo_mobile_max_width":0,"ocean_custom_logo_max_height":0,"ocean_custom_logo_tablet_max_height":0,"ocean_custom_logo_mobile_max_height":0,"ocean_header_custom_menu":"","ocean_menu_typo_font_family":"","ocean_menu_typo_font_subset":"","ocean_menu_typo_font_size":0,"ocean_menu_typo_font_size_tablet":0,"ocean_menu_typo_font_size_mobile":0,"ocean_menu_typo_font_size_unit":"px","ocean_menu_typo_font_weight":"","ocean_menu_typo_font_weight_tablet":"","ocean_menu_typo_font_weight_mobile":"","ocean_menu_typo_transform":"","ocean_menu_typo_transform_tablet":"","ocean_menu_typo_transform_mobile":"","ocean_menu_typo_line_height":0,"ocean_menu_typo_line_height_tablet":0,"ocean_menu_typo_line_height_mobile":0,"ocean_menu_typo_line_height_unit":"","ocean_menu_typo_spacing":0,"ocean_menu_typo_spacing_tablet":0,"ocean_menu_typo_spacing_mobile":0,"ocean_menu_typo_spacing_unit":"","ocean_menu_link_color":"","ocean_menu_link_color_hover":"","ocean_menu_link_color_active":"","ocean_menu_link_background":"","ocean_menu_link_hover_background":"","ocean_menu_link_active_background":"","ocean_menu_social_links_bg":"","ocean_menu_social_hover_links_bg":"","ocean_menu_social_links_color":"","ocean_menu_social_hover_links_color":"","ocean_disable_title":"default","ocean_disable_heading":"default","ocean_post_title":"","ocean_post_subheading":"","ocean_post_title_style":"","ocean_post_title_background_color":"","ocean_post_title_background":0,"ocean_post_title_bg_image_position":"","ocean_post_title_bg_image_attachment":"","ocean_post_title_bg_image_repeat":"","ocean_post_title_bg_image_size":"","ocean_post_title_height":0,"ocean_post_title_bg_overlay":0.5,"ocean_post_title_bg_overlay_color":"","ocean_disable_breadcrumbs":"default","ocean_breadcrumbs_color":"","ocean_breadcrumbs_separator_color":"","ocean_breadcrumbs_links_color":"","ocean_breadcrumbs_links_hover_color":"","ocean_display_footer_widgets":"default","ocean_display_footer_bottom":"default","ocean_custom_footer_template":"","footnotes":""},"class_list":["post-592","page","type-page","status-publish","hentry","entry"],"_links":{"self":[{"href":"https:\/\/fiosbembrasil.com\/index.php?rest_route=\/wp\/v2\/pages\/592","targetHints":{"allow":["GET"]}}],"collection":[{"href":"https:\/\/fiosbembrasil.com\/index.php?rest_route=\/wp\/v2\/pages"}],"about":[{"href":"https:\/\/fiosbembrasil.com\/index.php?rest_route=\/wp\/v2\/types\/page"}],"author":[{"embeddable":true,"href":"https:\/\/fiosbembrasil.com\/index.php?rest_route=\/wp\/v2\/users\/1"}],"replies":[{"embeddable":true,"href":"https:\/\/fiosbembrasil.com\/index.php?rest_route=%2Fwp%2Fv2%2Fcomments&post=592"}],"version-history":[{"count":4,"href":"https:\/\/fiosbembrasil.com\/index.php?rest_route=\/wp\/v2\/pages\/592\/revisions"}],"predecessor-version":[{"id":600,"href":"https:\/\/fiosbembrasil.com\/index.php?rest_route=\/wp\/v2\/pages\/592\/revisions\/600"}],"wp:attachment":[{"href":"https:\/\/fiosbembrasil.com\/index.php?rest_route=%2Fwp%2Fv2%2Fmedia&parent=592"}],"curies":[{"name":"wp","href":"https:\/\/api.w.org\/{rel}","templated":true}]}}