{"id":500,"date":"2024-12-15T15:04:27","date_gmt":"2024-12-15T15:04:27","guid":{"rendered":"https:\/\/fiosbembrasil.com\/?page_id=500"},"modified":"2025-01-08T21:43:33","modified_gmt":"2025-01-08T21:43:33","slug":"importacao-por-conta-e-ordem-2","status":"publish","type":"page","link":"https:\/\/fiosbembrasil.com\/?page_id=500","title":{"rendered":"importa\u00e7\u00e3o por conta e ordem"},"content":{"rendered":"\t\t<div data-elementor-type=\"wp-page\" data-elementor-id=\"500\" class=\"elementor elementor-500\">\n\t\t\t\t<div class=\"elementor-element elementor-element-2228c58 e-flex e-con-boxed e-con e-parent\" data-id=\"2228c58\" data-element_type=\"container\" data-e-type=\"container\">\n\t\t\t\t\t<div class=\"e-con-inner\">\n\t\t\t\t<div class=\"elementor-element elementor-element-5616d1e elementor-widget elementor-widget-image\" data-id=\"5616d1e\" data-element_type=\"widget\" data-e-type=\"widget\" data-widget_type=\"image.default\">\n\t\t\t\t<div class=\"elementor-widget-container\">\n\t\t\t\t\t\t\t\t\t\t\t\t\t\t\t<img decoding=\"async\" src=\"https:\/\/fiosbembrasil.com\/wp-content\/uploads\/2024\/12\/5.png\" title=\"5\" alt=\"5\" loading=\"lazy\" \/>\t\t\t\t\t\t\t\t\t\t\t\t\t\t\t<\/div>\n\t\t\t\t<\/div>\n\t\t\t\t\t<\/div>\n\t\t\t\t<\/div>\n\t\t<div class=\"elementor-element elementor-element-334af7a e-flex e-con-boxed e-con e-parent\" data-id=\"334af7a\" data-element_type=\"container\" data-e-type=\"container\">\n\t\t\t\t\t<div class=\"e-con-inner\">\n\t\t\t\t<div class=\"elementor-element elementor-element-da4d28d elementor-widget elementor-widget-text-editor\" data-id=\"da4d28d\" data-element_type=\"widget\" data-e-type=\"widget\" data-widget_type=\"text-editor.default\">\n\t\t\t\t<div class=\"elementor-widget-container\">\n\t\t\t\t\t\t\t\t\t<p>A\u00a0 Fios Bem\u00a0 e especialista em\u00a0 importa\u00e7\u00e3o por conta e ordem \u00e9 um regime utilizado em opera\u00e7\u00f5es de com\u00e9rcio exterior onde uma empresa (importadora) importa bens ou mercadorias em nome de outra empresa (exportadora ou destinat\u00e1ria). Nesse tipo de opera\u00e7\u00e3o, a importa\u00e7\u00e3o \u00e9 realizada sob a responsabilidade da importadora, enquanto a propriedade dos bens \u00e9 transferida diretamente para a empresa que encomendou a mercadoria.<\/p><p>Os principais aspectos desse tipo de importa\u00e7\u00e3o incluem:<\/p><p>1. **Responsabilidade**: A importadora \u00e9 respons\u00e1vel por todas as obriga\u00e7\u00f5es fiscais e aduaneiras, mas n\u00e3o \u00e9 a propriet\u00e1ria final dos produtos.<\/p><p>2. **Documenta\u00e7\u00e3o**: \u00c9 necess\u00e1rio apresentar documentos que comprovem que a importa\u00e7\u00e3o est\u00e1 sendo feita em nome de outra empresa, como contratos e ordens de compra.<\/p><p>3. **Benef\u00edcios**: Pode ser vantajoso para empresas que n\u00e3o t\u00eam capacidade de importa\u00e7\u00e3o direta, permitindo que acessem produtos do exterior sem precisar ter uma estrutura pr\u00f3pria para a importa\u00e7\u00e3o.<\/p><p>4. **Custo**: Os custos envolvidos na opera\u00e7\u00e3o podem incluir taxas de importa\u00e7\u00e3o, transporte, seguro e outros encargos.<\/p>\t\t\t\t\t\t\t\t<\/div>\n\t\t\t\t<\/div>\n\t\t\t\t\t<\/div>\n\t\t\t\t<\/div>\n\t\t<div class=\"elementor-element elementor-element-aeea86d e-flex e-con-boxed e-con e-parent\" data-id=\"aeea86d\" data-element_type=\"container\" data-e-type=\"container\">\n\t\t\t\t\t<div class=\"e-con-inner\">\n\t\t\t\t<div class=\"elementor-element elementor-element-d6f5e23 elementor-widget elementor-widget-heading\" data-id=\"d6f5e23\" data-element_type=\"widget\" data-e-type=\"widget\" data-widget_type=\"heading.default\">\n\t\t\t\t<div class=\"elementor-widget-container\">\n\t\t\t\t\t<h2 class=\"elementor-heading-title elementor-size-default\">Adicione o texto do seu t\u00edtulo aqui<\/h2>\t\t\t\t<\/div>\n\t\t\t\t<\/div>\n\t\t\t\t\t<\/div>\n\t\t\t\t<\/div>\n\t\t<div class=\"elementor-element elementor-element-9be3d1a e-flex e-con-boxed e-con e-parent\" data-id=\"9be3d1a\" data-element_type=\"container\" data-e-type=\"container\">\n\t\t\t\t\t<div class=\"e-con-inner\">\n\t\t<div class=\"elementor-element elementor-element-90e7bef e-con-full e-flex e-con e-child\" data-id=\"90e7bef\" data-element_type=\"container\" data-e-type=\"container\">\n\t\t\t\t<div class=\"elementor-element elementor-element-536b053 elementor-widget elementor-widget-image\" data-id=\"536b053\" data-element_type=\"widget\" data-e-type=\"widget\" data-widget_type=\"image.default\">\n\t\t\t\t<div class=\"elementor-widget-container\">\n\t\t\t\t\t\t\t\t\t\t\t\t\t\t\t<img fetchpriority=\"high\" decoding=\"async\" width=\"1024\" height=\"576\" src=\"https:\/\/fiosbembrasil.com\/wp-content\/uploads\/2025\/01\/Design-sem-nome-2-1024x576.png\" class=\"attachment-large size-large wp-image-542\" alt=\"\" srcset=\"https:\/\/fiosbembrasil.com\/wp-content\/uploads\/2025\/01\/Design-sem-nome-2-1024x576.png 1024w, https:\/\/fiosbembrasil.com\/wp-content\/uploads\/2025\/01\/Design-sem-nome-2-300x169.png 300w, https:\/\/fiosbembrasil.com\/wp-content\/uploads\/2025\/01\/Design-sem-nome-2-768x432.png 768w, https:\/\/fiosbembrasil.com\/wp-content\/uploads\/2025\/01\/Design-sem-nome-2-800x450.png 800w, https:\/\/fiosbembrasil.com\/wp-content\/uploads\/2025\/01\/Design-sem-nome-2.png 1440w\" sizes=\"(max-width: 1024px) 100vw, 1024px\" \/>\t\t\t\t\t\t\t\t\t\t\t\t\t\t\t<\/div>\n\t\t\t\t<\/div>\n\t\t\t\t<\/div>\n\t\t<div class=\"elementor-element elementor-element-bc4e8f6 e-con-full e-flex e-con e-child\" data-id=\"bc4e8f6\" data-element_type=\"container\" data-e-type=\"container\">\n\t\t\t\t<div class=\"elementor-element elementor-element-10d19bc elementor-widget elementor-widget-text-editor\" data-id=\"10d19bc\" data-element_type=\"widget\" data-e-type=\"widget\" data-widget_type=\"text-editor.default\">\n\t\t\t\t<div class=\"elementor-widget-container\">\n\t\t\t\t\t\t\t\t\t<h3>1. <strong>Responsabilidade<\/strong><\/h3><p>A importadora assume a responsabilidade pelas obriga\u00e7\u00f5es fiscais e aduaneiras, o que significa que ela deve lidar com a Receita Federal, pagar impostos de importa\u00e7\u00e3o e garantir que a mercadoria esteja em conformidade com a legisla\u00e7\u00e3o. No entanto, a propriedade dos bens \u00e9 transferida diretamente para a empresa que solicitou a importa\u00e7\u00e3o, ou seja, a importadora n\u00e3o \u00e9 a propriet\u00e1ria final dos produtos.<\/p>\t\t\t\t\t\t\t\t<\/div>\n\t\t\t\t<\/div>\n\t\t\t\t<\/div>\n\t\t\t\t\t<\/div>\n\t\t\t\t<\/div>\n\t\t<div class=\"elementor-element elementor-element-9569bc6 e-flex e-con-boxed e-con e-parent\" data-id=\"9569bc6\" data-element_type=\"container\" data-e-type=\"container\">\n\t\t\t\t\t<div class=\"e-con-inner\">\n\t\t<div class=\"elementor-element elementor-element-5614bba e-con-full e-flex e-con e-child\" data-id=\"5614bba\" data-element_type=\"container\" data-e-type=\"container\">\n\t\t\t\t<div class=\"elementor-element elementor-element-7c7e305 elementor-widget elementor-widget-text-editor\" data-id=\"7c7e305\" data-element_type=\"widget\" data-e-type=\"widget\" data-widget_type=\"text-editor.default\">\n\t\t\t\t<div class=\"elementor-widget-container\">\n\t\t\t\t\t\t\t\t\t<h3>2. <strong>Documenta\u00e7\u00e3o<\/strong><\/h3><p>A documenta\u00e7\u00e3o necess\u00e1ria \u00e9 fundamental para comprovar que a opera\u00e7\u00e3o est\u00e1 sendo realizada em nome de outra empresa. Isso inclui:<\/p><ul><li><strong>Contrato de presta\u00e7\u00e3o de servi\u00e7os<\/strong>: onde as partes definem as condi\u00e7\u00f5es da importa\u00e7\u00e3o.<\/li><li><strong>Ordens de compra<\/strong>: que mostram que a mercadoria foi solicitada pela empresa destinat\u00e1ria.<\/li><li><strong>Faturas comerciais<\/strong>: que devem ser emitidas em nome da empresa que vai receber os produtos.<\/li><\/ul>\t\t\t\t\t\t\t\t<\/div>\n\t\t\t\t<\/div>\n\t\t\t\t<\/div>\n\t\t<div class=\"elementor-element elementor-element-0392238 e-con-full e-flex e-con e-child\" data-id=\"0392238\" data-element_type=\"container\" data-e-type=\"container\">\n\t\t\t\t<div class=\"elementor-element elementor-element-3c78677 elementor-widget elementor-widget-image\" data-id=\"3c78677\" data-element_type=\"widget\" data-e-type=\"widget\" data-widget_type=\"image.default\">\n\t\t\t\t<div class=\"elementor-widget-container\">\n\t\t\t\t\t\t\t\t\t\t\t\t\t\t\t<img decoding=\"async\" width=\"1024\" height=\"576\" src=\"https:\/\/fiosbembrasil.com\/wp-content\/uploads\/2025\/01\/Design-sem-nome-1-1024x576.jpg\" class=\"attachment-large size-large wp-image-543\" alt=\"\" srcset=\"https:\/\/fiosbembrasil.com\/wp-content\/uploads\/2025\/01\/Design-sem-nome-1-1024x576.jpg 1024w, https:\/\/fiosbembrasil.com\/wp-content\/uploads\/2025\/01\/Design-sem-nome-1-300x169.jpg 300w, https:\/\/fiosbembrasil.com\/wp-content\/uploads\/2025\/01\/Design-sem-nome-1-768x432.jpg 768w, https:\/\/fiosbembrasil.com\/wp-content\/uploads\/2025\/01\/Design-sem-nome-1-1536x864.jpg 1536w, https:\/\/fiosbembrasil.com\/wp-content\/uploads\/2025\/01\/Design-sem-nome-1-800x450.jpg 800w, https:\/\/fiosbembrasil.com\/wp-content\/uploads\/2025\/01\/Design-sem-nome-1.jpg 1920w\" sizes=\"(max-width: 1024px) 100vw, 1024px\" \/>\t\t\t\t\t\t\t\t\t\t\t\t\t\t\t<\/div>\n\t\t\t\t<\/div>\n\t\t\t\t<\/div>\n\t\t\t\t\t<\/div>\n\t\t\t\t<\/div>\n\t\t<div class=\"elementor-element elementor-element-3e61b90 e-flex e-con-boxed e-con e-parent\" data-id=\"3e61b90\" data-element_type=\"container\" data-e-type=\"container\">\n\t\t\t\t\t<div class=\"e-con-inner\">\n\t\t<div class=\"elementor-element elementor-element-fc2d775 e-con-full e-flex e-con e-child\" data-id=\"fc2d775\" data-element_type=\"container\" data-e-type=\"container\">\n\t\t\t\t<div class=\"elementor-element elementor-element-e390ad4 elementor-widget elementor-widget-image\" data-id=\"e390ad4\" data-element_type=\"widget\" data-e-type=\"widget\" data-widget_type=\"image.default\">\n\t\t\t\t<div class=\"elementor-widget-container\">\n\t\t\t\t\t\t\t\t\t\t\t\t\t\t\t<img decoding=\"async\" width=\"1024\" height=\"576\" src=\"https:\/\/fiosbembrasil.com\/wp-content\/uploads\/2025\/01\/Design-sem-nome-2-1024x576.jpg\" class=\"attachment-large size-large wp-image-544\" alt=\"\" srcset=\"https:\/\/fiosbembrasil.com\/wp-content\/uploads\/2025\/01\/Design-sem-nome-2-1024x576.jpg 1024w, https:\/\/fiosbembrasil.com\/wp-content\/uploads\/2025\/01\/Design-sem-nome-2-300x169.jpg 300w, https:\/\/fiosbembrasil.com\/wp-content\/uploads\/2025\/01\/Design-sem-nome-2-768x432.jpg 768w, https:\/\/fiosbembrasil.com\/wp-content\/uploads\/2025\/01\/Design-sem-nome-2-1536x864.jpg 1536w, https:\/\/fiosbembrasil.com\/wp-content\/uploads\/2025\/01\/Design-sem-nome-2-800x450.jpg 800w, https:\/\/fiosbembrasil.com\/wp-content\/uploads\/2025\/01\/Design-sem-nome-2.jpg 1920w\" sizes=\"(max-width: 1024px) 100vw, 1024px\" \/>\t\t\t\t\t\t\t\t\t\t\t\t\t\t\t<\/div>\n\t\t\t\t<\/div>\n\t\t\t\t<\/div>\n\t\t<div class=\"elementor-element elementor-element-aefe72d e-con-full e-flex e-con e-child\" data-id=\"aefe72d\" data-element_type=\"container\" data-e-type=\"container\">\n\t\t\t\t<div class=\"elementor-element elementor-element-073d510 elementor-widget elementor-widget-text-editor\" data-id=\"073d510\" data-element_type=\"widget\" data-e-type=\"widget\" data-widget_type=\"text-editor.default\">\n\t\t\t\t<div class=\"elementor-widget-container\">\n\t\t\t\t\t\t\t\t\t<h3>3. <strong>Benef\u00edcios<\/strong><\/h3><p>Os principais benef\u00edcios desse regime incluem:<\/p><ul><li><strong>Acesso facilitado a produtos internacionais<\/strong>: Empresas que n\u00e3o t\u00eam experi\u00eancia em importa\u00e7\u00e3o podem acessar bens do exterior.<\/li><li><strong>Redu\u00e7\u00e3o de custos operacionais<\/strong>: A importadora pode ter uma estrutura j\u00e1 estabelecida, evitando que a empresa destinat\u00e1ria tenha que investir em uma opera\u00e7\u00e3o de importa\u00e7\u00e3o pr\u00f3pria.<\/li><li><strong>Flexibilidade<\/strong>: Permite que empresas testem produtos ou mercados sem comprometer grandes recursos.<\/li><\/ul>\t\t\t\t\t\t\t\t<\/div>\n\t\t\t\t<\/div>\n\t\t\t\t<\/div>\n\t\t\t\t\t<\/div>\n\t\t\t\t<\/div>\n\t\t<div class=\"elementor-element elementor-element-e273e94 e-flex e-con-boxed e-con e-parent\" data-id=\"e273e94\" data-element_type=\"container\" data-e-type=\"container\">\n\t\t\t\t\t<div class=\"e-con-inner\">\n\t\t<div class=\"elementor-element elementor-element-84ee9cf e-con-full e-flex e-con e-child\" data-id=\"84ee9cf\" data-element_type=\"container\" data-e-type=\"container\">\n\t\t\t\t<div class=\"elementor-element elementor-element-a221b93 elementor-widget elementor-widget-image\" data-id=\"a221b93\" data-element_type=\"widget\" data-e-type=\"widget\" data-widget_type=\"image.default\">\n\t\t\t\t<div class=\"elementor-widget-container\">\n\t\t\t\t\t\t\t\t\t\t\t\t\t\t\t<img loading=\"lazy\" decoding=\"async\" width=\"1024\" height=\"576\" src=\"https:\/\/fiosbembrasil.com\/wp-content\/uploads\/2025\/01\/Design-sem-nome-4-1024x576.jpg\" class=\"attachment-large size-large wp-image-545\" alt=\"\" srcset=\"https:\/\/fiosbembrasil.com\/wp-content\/uploads\/2025\/01\/Design-sem-nome-4-1024x576.jpg 1024w, https:\/\/fiosbembrasil.com\/wp-content\/uploads\/2025\/01\/Design-sem-nome-4-300x169.jpg 300w, https:\/\/fiosbembrasil.com\/wp-content\/uploads\/2025\/01\/Design-sem-nome-4-768x432.jpg 768w, https:\/\/fiosbembrasil.com\/wp-content\/uploads\/2025\/01\/Design-sem-nome-4-1536x864.jpg 1536w, https:\/\/fiosbembrasil.com\/wp-content\/uploads\/2025\/01\/Design-sem-nome-4-800x450.jpg 800w, https:\/\/fiosbembrasil.com\/wp-content\/uploads\/2025\/01\/Design-sem-nome-4.jpg 1920w\" sizes=\"(max-width: 1024px) 100vw, 1024px\" \/>\t\t\t\t\t\t\t\t\t\t\t\t\t\t\t<\/div>\n\t\t\t\t<\/div>\n\t\t\t\t<\/div>\n\t\t\t\t<div class=\"elementor-element elementor-element-5212188 elementor-widget elementor-widget-text-editor\" data-id=\"5212188\" data-element_type=\"widget\" data-e-type=\"widget\" data-widget_type=\"text-editor.default\">\n\t\t\t\t<div class=\"elementor-widget-container\">\n\t\t\t\t\t\t\t\t\t<h3>4. <strong>Custo<\/strong><\/h3><p>Os custos de uma importa\u00e7\u00e3o por conta e ordem podem incluir:<\/p><ul><li><strong>Impostos de importa\u00e7\u00e3o<\/strong>: Como o II (Imposto de Importa\u00e7\u00e3o), IPI (Imposto sobre Produtos Industrializados), e ICMS (Imposto sobre Circula\u00e7\u00e3o de Mercadorias e Servi\u00e7os).<\/li><li><strong>Taxas administrativas<\/strong>: Cobran\u00e7as para servi\u00e7os de despachantes aduaneiros e log\u00edstica.<\/li><li><strong>Transporte e seguro<\/strong>: Custos relacionados ao transporte da mercadoria e prote\u00e7\u00e3o contra riscos.<\/li><\/ul>\t\t\t\t\t\t\t\t<\/div>\n\t\t\t\t<\/div>\n\t\t\t\t\t<\/div>\n\t\t\t\t<\/div>\n\t\t<div class=\"elementor-element elementor-element-c9386c0 e-flex e-con-boxed e-con e-parent\" data-id=\"c9386c0\" data-element_type=\"container\" data-e-type=\"container\">\n\t\t\t\t\t<div class=\"e-con-inner\">\n\t\t<div class=\"elementor-element elementor-element-7719503 e-con-full e-flex e-con e-child\" data-id=\"7719503\" data-element_type=\"container\" data-e-type=\"container\">\n\t\t\t\t<div class=\"elementor-element elementor-element-05012c4 elementor-widget elementor-widget-text-editor\" data-id=\"05012c4\" data-element_type=\"widget\" data-e-type=\"widget\" data-widget_type=\"text-editor.default\">\n\t\t\t\t<div class=\"elementor-widget-container\">\n\t\t\t\t\t\t\t\t\t<h3>5. <strong>Processo de Importa\u00e7\u00e3o<\/strong><\/h3><p>O processo geralmente envolve as seguintes etapas:<\/p><ul><li><strong>Negocia\u00e7\u00e3o<\/strong>: A empresa destinat\u00e1ria negocia com o fornecedor internacional.<\/li><li><strong>Contrata\u00e7\u00e3o da importadora<\/strong>: A empresa seleciona uma importadora que ir\u00e1 realizar a opera\u00e7\u00e3o.<\/li><li><strong>Documenta\u00e7\u00e3o<\/strong>: Prepara\u00e7\u00e3o e envio de toda a documenta\u00e7\u00e3o necess\u00e1ria.<\/li><li><strong>Desembara\u00e7o aduaneiro<\/strong>: A importadora cuida do processo de libera\u00e7\u00e3o das mercadorias na alf\u00e2ndega.<\/li><li><strong>Entrega<\/strong>: Os produtos s\u00e3o entregues \u00e0 empresa destinat\u00e1ria.<\/li><\/ul>\t\t\t\t\t\t\t\t<\/div>\n\t\t\t\t<\/div>\n\t\t\t\t<\/div>\n\t\t<div class=\"elementor-element elementor-element-7cb3d18 e-con-full e-flex e-con e-child\" data-id=\"7cb3d18\" data-element_type=\"container\" data-e-type=\"container\">\n\t\t\t\t<div class=\"elementor-element elementor-element-0667f2f elementor-widget elementor-widget-image\" data-id=\"0667f2f\" data-element_type=\"widget\" data-e-type=\"widget\" data-widget_type=\"image.default\">\n\t\t\t\t<div class=\"elementor-widget-container\">\n\t\t\t\t\t\t\t\t\t\t\t\t\t\t\t<img loading=\"lazy\" decoding=\"async\" width=\"1024\" height=\"576\" src=\"https:\/\/fiosbembrasil.com\/wp-content\/uploads\/2025\/01\/Design-sem-nome-5-1024x576.jpg\" class=\"attachment-large size-large wp-image-546\" alt=\"\" srcset=\"https:\/\/fiosbembrasil.com\/wp-content\/uploads\/2025\/01\/Design-sem-nome-5-1024x576.jpg 1024w, https:\/\/fiosbembrasil.com\/wp-content\/uploads\/2025\/01\/Design-sem-nome-5-300x169.jpg 300w, https:\/\/fiosbembrasil.com\/wp-content\/uploads\/2025\/01\/Design-sem-nome-5-768x432.jpg 768w, https:\/\/fiosbembrasil.com\/wp-content\/uploads\/2025\/01\/Design-sem-nome-5-1536x864.jpg 1536w, https:\/\/fiosbembrasil.com\/wp-content\/uploads\/2025\/01\/Design-sem-nome-5-800x450.jpg 800w, https:\/\/fiosbembrasil.com\/wp-content\/uploads\/2025\/01\/Design-sem-nome-5.jpg 1920w\" sizes=\"(max-width: 1024px) 100vw, 1024px\" \/>\t\t\t\t\t\t\t\t\t\t\t\t\t\t\t<\/div>\n\t\t\t\t<\/div>\n\t\t\t\t<\/div>\n\t\t\t\t\t<\/div>\n\t\t\t\t<\/div>\n\t\t\t\t<\/div>\n\t\t","protected":false},"excerpt":{"rendered":"<p>A\u00a0 Fios Bem\u00a0 e especialista em\u00a0 importa\u00e7\u00e3o por conta e ordem \u00e9 um regime utilizado em opera\u00e7\u00f5es de com\u00e9rcio exterior onde uma empresa (importadora) importa bens ou mercadorias em nome de outra empresa (exportadora ou destinat\u00e1ria). Nesse tipo de opera\u00e7\u00e3o, a importa\u00e7\u00e3o \u00e9 realizada sob a responsabilidade da importadora, enquanto a propriedade dos bens \u00e9 [&hellip;]<\/p>\n","protected":false},"author":1,"featured_media":0,"parent":0,"menu_order":0,"comment_status":"closed","ping_status":"closed","template":"","meta":{"ocean_post_layout":"","ocean_both_sidebars_style":"","ocean_both_sidebars_content_width":0,"ocean_both_sidebars_sidebars_width":0,"ocean_sidebar":"","ocean_second_sidebar":"","ocean_disable_margins":"enable","ocean_add_body_class":"","ocean_shortcode_before_top_bar":"","ocean_shortcode_after_top_bar":"","ocean_shortcode_before_header":"","ocean_shortcode_after_header":"","ocean_has_shortcode":"","ocean_shortcode_after_title":"","ocean_shortcode_before_footer_widgets":"","ocean_shortcode_after_footer_widgets":"","ocean_shortcode_before_footer_bottom":"","ocean_shortcode_after_footer_bottom":"","ocean_display_top_bar":"default","ocean_display_header":"default","ocean_header_style":"","ocean_center_header_left_menu":"","ocean_custom_header_template":"","ocean_custom_logo":0,"ocean_custom_retina_logo":0,"ocean_custom_logo_max_width":0,"ocean_custom_logo_tablet_max_width":0,"ocean_custom_logo_mobile_max_width":0,"ocean_custom_logo_max_height":0,"ocean_custom_logo_tablet_max_height":0,"ocean_custom_logo_mobile_max_height":0,"ocean_header_custom_menu":"","ocean_menu_typo_font_family":"","ocean_menu_typo_font_subset":"","ocean_menu_typo_font_size":0,"ocean_menu_typo_font_size_tablet":0,"ocean_menu_typo_font_size_mobile":0,"ocean_menu_typo_font_size_unit":"px","ocean_menu_typo_font_weight":"","ocean_menu_typo_font_weight_tablet":"","ocean_menu_typo_font_weight_mobile":"","ocean_menu_typo_transform":"","ocean_menu_typo_transform_tablet":"","ocean_menu_typo_transform_mobile":"","ocean_menu_typo_line_height":0,"ocean_menu_typo_line_height_tablet":0,"ocean_menu_typo_line_height_mobile":0,"ocean_menu_typo_line_height_unit":"","ocean_menu_typo_spacing":0,"ocean_menu_typo_spacing_tablet":0,"ocean_menu_typo_spacing_mobile":0,"ocean_menu_typo_spacing_unit":"","ocean_menu_link_color":"","ocean_menu_link_color_hover":"","ocean_menu_link_color_active":"","ocean_menu_link_background":"","ocean_menu_link_hover_background":"","ocean_menu_link_active_background":"","ocean_menu_social_links_bg":"","ocean_menu_social_hover_links_bg":"","ocean_menu_social_links_color":"","ocean_menu_social_hover_links_color":"","ocean_disable_title":"default","ocean_disable_heading":"default","ocean_post_title":"","ocean_post_subheading":"","ocean_post_title_style":"","ocean_post_title_background_color":"","ocean_post_title_background":0,"ocean_post_title_bg_image_position":"","ocean_post_title_bg_image_attachment":"","ocean_post_title_bg_image_repeat":"","ocean_post_title_bg_image_size":"","ocean_post_title_height":0,"ocean_post_title_bg_overlay":0.5,"ocean_post_title_bg_overlay_color":"","ocean_disable_breadcrumbs":"default","ocean_breadcrumbs_color":"","ocean_breadcrumbs_separator_color":"","ocean_breadcrumbs_links_color":"","ocean_breadcrumbs_links_hover_color":"","ocean_display_footer_widgets":"default","ocean_display_footer_bottom":"default","ocean_custom_footer_template":"","footnotes":""},"class_list":["post-500","page","type-page","status-publish","hentry","entry"],"_links":{"self":[{"href":"https:\/\/fiosbembrasil.com\/index.php?rest_route=\/wp\/v2\/pages\/500","targetHints":{"allow":["GET"]}}],"collection":[{"href":"https:\/\/fiosbembrasil.com\/index.php?rest_route=\/wp\/v2\/pages"}],"about":[{"href":"https:\/\/fiosbembrasil.com\/index.php?rest_route=\/wp\/v2\/types\/page"}],"author":[{"embeddable":true,"href":"https:\/\/fiosbembrasil.com\/index.php?rest_route=\/wp\/v2\/users\/1"}],"replies":[{"embeddable":true,"href":"https:\/\/fiosbembrasil.com\/index.php?rest_route=%2Fwp%2Fv2%2Fcomments&post=500"}],"version-history":[{"count":7,"href":"https:\/\/fiosbembrasil.com\/index.php?rest_route=\/wp\/v2\/pages\/500\/revisions"}],"predecessor-version":[{"id":549,"href":"https:\/\/fiosbembrasil.com\/index.php?rest_route=\/wp\/v2\/pages\/500\/revisions\/549"}],"wp:attachment":[{"href":"https:\/\/fiosbembrasil.com\/index.php?rest_route=%2Fwp%2Fv2%2Fmedia&parent=500"}],"curies":[{"name":"wp","href":"https:\/\/api.w.org\/{rel}","templated":true}]}}